{"id":256,"date":"2023-09-12T10:50:10","date_gmt":"2023-09-12T10:50:10","guid":{"rendered":"http:\/\/grupointegralhalo.com\/?page_id=256"},"modified":"2025-07-06T14:56:27","modified_gmt":"2025-07-06T14:56:27","slug":"tramites-hipotecarios-web","status":"publish","type":"page","link":"https:\/\/grupointegralhalo.com\/?page_id=256","title":{"rendered":"TR\u00c1MITES HIPOTECARIOS WEB"},"content":{"rendered":"\t\t<div data-elementor-type=\"wp-page\" data-elementor-id=\"256\" class=\"elementor elementor-256\">\n\t\t\t\t\t\t<section class=\"elementor-section elementor-top-section elementor-element elementor-element-55256012 elementor-section-height-min-height elementor-section-content-top elementor-section-full_width elementor-section-items-top elementor-section-height-default\" data-id=\"55256012\" data-element_type=\"section\" data-e-type=\"section\" data-settings=\"{&quot;background_background&quot;:&quot;classic&quot;}\">\n\t\t\t\t\t\t\t<div class=\"elementor-background-overlay\"><\/div>\n\t\t\t\t\t\t\t<div class=\"elementor-container elementor-column-gap-default\">\n\t\t\t\t\t<div class=\"elementor-column elementor-col-100 elementor-top-column elementor-element elementor-element-4d6b657b\" data-id=\"4d6b657b\" data-element_type=\"column\" data-e-type=\"column\">\n\t\t\t<div class=\"elementor-widget-wrap elementor-element-populated\">\n\t\t\t\t\t\t<div class=\"elementor-element elementor-element-b0e45f9 elementor-widget__width-initial elementor-widget elementor-widget-image\" data-id=\"b0e45f9\" data-element_type=\"widget\" data-e-type=\"widget\" data-widget_type=\"image.default\">\n\t\t\t\t<div class=\"elementor-widget-container\">\n\t\t\t\t\t\t\t\t\t\t\t\t\t\t\t<img fetchpriority=\"high\" decoding=\"async\" width=\"300\" height=\"300\" src=\"https:\/\/grupointegralhalo.com\/wp-content\/uploads\/2023\/07\/Logo-Grupo-Integral-Halo-Logo-Oro-300x300.png\" class=\"attachment-medium size-medium wp-image-66\" alt=\"\" srcset=\"https:\/\/grupointegralhalo.com\/wp-content\/uploads\/2023\/07\/Logo-Grupo-Integral-Halo-Logo-Oro-300x300.png 300w, https:\/\/grupointegralhalo.com\/wp-content\/uploads\/2023\/07\/Logo-Grupo-Integral-Halo-Logo-Oro-1024x1024.png 1024w, https:\/\/grupointegralhalo.com\/wp-content\/uploads\/2023\/07\/Logo-Grupo-Integral-Halo-Logo-Oro-150x150.png 150w, https:\/\/grupointegralhalo.com\/wp-content\/uploads\/2023\/07\/Logo-Grupo-Integral-Halo-Logo-Oro-768x768.png 768w, https:\/\/grupointegralhalo.com\/wp-content\/uploads\/2023\/07\/Logo-Grupo-Integral-Halo-Logo-Oro-1536x1536.png 1536w, https:\/\/grupointegralhalo.com\/wp-content\/uploads\/2023\/07\/Logo-Grupo-Integral-Halo-Logo-Oro.png 1811w\" sizes=\"(max-width: 300px) 100vw, 300px\" \/>\t\t\t\t\t\t\t\t\t\t\t\t\t\t\t<\/div>\n\t\t\t\t<\/div>\n\t\t\t\t<div class=\"elementor-element elementor-element-66b871d9 elementor-widget elementor-widget-heading\" data-id=\"66b871d9\" data-element_type=\"widget\" data-e-type=\"widget\" data-widget_type=\"heading.default\">\n\t\t\t\t<div class=\"elementor-widget-container\">\n\t\t\t\t\t<h2 class=\"elementor-heading-title elementor-size-default\">Tr\u00e1mites Hipotecarios en la WEB<\/h2>\t\t\t\t<\/div>\n\t\t\t\t<\/div>\n\t\t\t\t\t<\/div>\n\t\t<\/div>\n\t\t\t\t\t<\/div>\n\t\t<\/section>\n\t\t\t\t<section class=\"elementor-section elementor-top-section elementor-element elementor-element-77077627 elementor-section-content-middle elementor-section-boxed elementor-section-height-default elementor-section-height-default\" data-id=\"77077627\" data-element_type=\"section\" data-e-type=\"section\">\n\t\t\t\t\t\t<div class=\"elementor-container elementor-column-gap-no\">\n\t\t\t\t\t<div class=\"elementor-column elementor-col-50 elementor-top-column elementor-element elementor-element-573b41b\" data-id=\"573b41b\" data-element_type=\"column\" data-e-type=\"column\" data-settings=\"{&quot;animation&quot;:&quot;none&quot;}\">\n\t\t\t<div class=\"elementor-widget-wrap elementor-element-populated\">\n\t\t\t\t\t\t<div class=\"elementor-element elementor-element-3680a7d elementor-widget elementor-widget-image\" data-id=\"3680a7d\" data-element_type=\"widget\" data-e-type=\"widget\" data-widget_type=\"image.default\">\n\t\t\t\t<div class=\"elementor-widget-container\">\n\t\t\t\t\t\t\t\t\t\t\t\t\t\t\t<img decoding=\"async\" width=\"664\" height=\"498\" src=\"https:\/\/grupointegralhalo.com\/wp-content\/uploads\/2023\/09\/Captura-de-pantalla-2023-09-11-a-las-11.47.19-p.m.png\" class=\"attachment-large size-large wp-image-258\" alt=\"\" srcset=\"https:\/\/grupointegralhalo.com\/wp-content\/uploads\/2023\/09\/Captura-de-pantalla-2023-09-11-a-las-11.47.19-p.m.png 664w, https:\/\/grupointegralhalo.com\/wp-content\/uploads\/2023\/09\/Captura-de-pantalla-2023-09-11-a-las-11.47.19-p.m-300x225.png 300w\" sizes=\"(max-width: 664px) 100vw, 664px\" \/>\t\t\t\t\t\t\t\t\t\t\t\t\t\t\t<\/div>\n\t\t\t\t<\/div>\n\t\t\t\t\t<\/div>\n\t\t<\/div>\n\t\t\t\t<div class=\"elementor-column elementor-col-50 elementor-top-column elementor-element elementor-element-4861057f\" data-id=\"4861057f\" data-element_type=\"column\" data-e-type=\"column\">\n\t\t\t<div class=\"elementor-widget-wrap elementor-element-populated\">\n\t\t\t\t\t\t<div class=\"elementor-element elementor-element-23074abc elementor-widget elementor-widget-heading\" data-id=\"23074abc\" data-element_type=\"widget\" data-e-type=\"widget\" data-widget_type=\"heading.default\">\n\t\t\t\t<div class=\"elementor-widget-container\">\n\t\t\t\t\t<h3 class=\"elementor-heading-title elementor-size-default\">Servicio \u00fanico en el Pa\u00eds donde lo Asesoramos v\u00eda internet y tel\u00e9fono para la compra de un INMUEBLE DE MERCADO ABIERTO  en cualquier parte de la Rep\u00fablica Mexicana, ejerciendo de su parte un cr\u00e9dito Infonavit, Fovissste o Bancario.\nAhorr\u00e1ndole tiempo y dinero, ya que lo llevamos de la mano en cada uno de los procesos para la adquisici\u00f3n de su Propiedad.\n<\/h3>\t\t\t\t<\/div>\n\t\t\t\t<\/div>\n\t\t\t\t\t<\/div>\n\t\t<\/div>\n\t\t\t\t\t<\/div>\n\t\t<\/section>\n\t\t\t\t<section class=\"elementor-section elementor-top-section elementor-element elementor-element-77d61a5f elementor-section-content-middle elementor-reverse-mobile elementor-section-full_width elementor-section-height-min-height elementor-section-height-default elementor-section-items-middle\" data-id=\"77d61a5f\" data-element_type=\"section\" data-e-type=\"section\" data-settings=\"{&quot;background_background&quot;:&quot;classic&quot;}\">\n\t\t\t\t\t\t<div class=\"elementor-container elementor-column-gap-no\">\n\t\t\t\t\t<div class=\"elementor-column elementor-col-50 elementor-top-column elementor-element elementor-element-29415916\" data-id=\"29415916\" data-element_type=\"column\" data-e-type=\"column\">\n\t\t\t<div class=\"elementor-widget-wrap elementor-element-populated\">\n\t\t\t\t\t\t<div class=\"elementor-element elementor-element-15e0e80d elementor-widget elementor-widget-heading\" data-id=\"15e0e80d\" data-element_type=\"widget\" data-e-type=\"widget\" data-widget_type=\"heading.default\">\n\t\t\t\t<div class=\"elementor-widget-container\">\n\t\t\t\t\t<h4 class=\"elementor-heading-title elementor-size-default\">\u00bfC\u00f3mo lo Hacemos?<\/h4>\t\t\t\t<\/div>\n\t\t\t\t<\/div>\n\t\t\t\t<div class=\"elementor-element elementor-element-6e956acb elementor-widget elementor-widget-text-editor\" data-id=\"6e956acb\" data-element_type=\"widget\" data-e-type=\"widget\" data-widget_type=\"text-editor.default\">\n\t\t\t\t<div class=\"elementor-widget-container\">\n\t\t\t\t\t\t\t\t\t<p><span style=\"font-family: Times New Roman, serif;\"><span style=\"font-size: medium;\"><span style=\"color: #1d2939;\"><span style=\"font-family: Arial, serif;\">Una vez que usted ya identific\u00f3 la casa o departamento que quiere comprar y desea iniciar su tr\u00e1mite con Infonavit o Fovissste, los pasos son los siguientes:<br \/><strong><br \/>Paso 1:<\/strong> Nos contacta a trav\u00e9s de esta p\u00e1gina o al tel\u00e9fono 5540740776 o puede hacerlo al siguiente correo electr\u00f3nico: <strong>grupointegralhalo@gmail.com<\/strong>, uno de nuestros Asesores le atender\u00e1 a la brevedad para indicarle en tiempo y forma el monto de cr\u00e9dito que alcanza, los procedimientos y honorarios.<br \/><strong><br \/>Paso 2:<\/strong> Usted debe preparar los siguientes documentos para que nos lo mande escaneados al siguiente correo electr\u00f3nico: <strong>grupointegralhalo@gmail.com<\/strong> de nuestro pa\u00eds para comprar, vender e invertir en propiedades, que le permita a nuestros clientes, incrementar su patrimonio de manera significativa.<\/span><\/span><\/span><\/span><\/p><p><span style=\"font-family: Times New Roman, serif;\"><span style=\"font-size: medium;\"><span style=\"color: #1d2939;\"><span style=\"font-family: Arial, serif;\">\u00a0<\/span><\/span><\/span><\/span><\/p>\t\t\t\t\t\t\t\t<\/div>\n\t\t\t\t<\/div>\n\t\t\t\t\t<\/div>\n\t\t<\/div>\n\t\t\t\t<div class=\"elementor-column elementor-col-50 elementor-top-column elementor-element elementor-element-4d7a27c3\" data-id=\"4d7a27c3\" data-element_type=\"column\" data-e-type=\"column\">\n\t\t\t<div class=\"elementor-widget-wrap elementor-element-populated\">\n\t\t\t\t\t\t<div class=\"elementor-element elementor-element-6419447b elementor-widget__width-initial elementor-widget elementor-widget-image\" data-id=\"6419447b\" data-element_type=\"widget\" data-e-type=\"widget\" data-widget_type=\"image.default\">\n\t\t\t\t<div class=\"elementor-widget-container\">\n\t\t\t\t\t\t\t\t\t\t\t\t\t\t\t<img decoding=\"async\" width=\"666\" height=\"498\" src=\"https:\/\/grupointegralhalo.com\/wp-content\/uploads\/2023\/09\/Captura-de-pantalla-2023-09-11-a-las-11.47.54-p.m.png\" class=\"attachment-full size-full wp-image-259\" alt=\"\" srcset=\"https:\/\/grupointegralhalo.com\/wp-content\/uploads\/2023\/09\/Captura-de-pantalla-2023-09-11-a-las-11.47.54-p.m.png 666w, https:\/\/grupointegralhalo.com\/wp-content\/uploads\/2023\/09\/Captura-de-pantalla-2023-09-11-a-las-11.47.54-p.m-300x224.png 300w\" sizes=\"(max-width: 666px) 100vw, 666px\" \/>\t\t\t\t\t\t\t\t\t\t\t\t\t\t\t<\/div>\n\t\t\t\t<\/div>\n\t\t\t\t\t<\/div>\n\t\t<\/div>\n\t\t\t\t\t<\/div>\n\t\t<\/section>\n\t\t\t\t<section class=\"elementor-section elementor-top-section elementor-element elementor-element-60dc96c7 elementor-section-content-top elementor-reverse-mobile elementor-section-full_width elementor-section-height-min-height elementor-section-items-top elementor-section-height-default\" data-id=\"60dc96c7\" data-element_type=\"section\" data-e-type=\"section\" data-settings=\"{&quot;background_background&quot;:&quot;classic&quot;}\">\n\t\t\t\t\t\t<div class=\"elementor-container elementor-column-gap-no\">\n\t\t\t\t\t<div class=\"elementor-column elementor-col-50 elementor-top-column elementor-element elementor-element-7da61dc7\" data-id=\"7da61dc7\" data-element_type=\"column\" data-e-type=\"column\">\n\t\t\t<div class=\"elementor-widget-wrap elementor-element-populated\">\n\t\t\t\t\t\t<div class=\"elementor-element elementor-element-18847355 elementor-widget elementor-widget-heading\" data-id=\"18847355\" data-element_type=\"widget\" data-e-type=\"widget\" data-widget_type=\"heading.default\">\n\t\t\t\t<div class=\"elementor-widget-container\">\n\t\t\t\t\t<h4 class=\"elementor-heading-title elementor-size-default\">Cr\u00e9dito Infonavit<\/h4>\t\t\t\t<\/div>\n\t\t\t\t<\/div>\n\t\t\t\t<div class=\"elementor-element elementor-element-a34c76d elementor-widget elementor-widget-heading\" data-id=\"a34c76d\" data-element_type=\"widget\" data-e-type=\"widget\" data-widget_type=\"heading.default\">\n\t\t\t\t<div class=\"elementor-widget-container\">\n\t\t\t\t\t<h4 class=\"elementor-heading-title elementor-size-default\">Comprador<\/h4>\t\t\t\t<\/div>\n\t\t\t\t<\/div>\n\t\t\t\t<div class=\"elementor-element elementor-element-c42e29f elementor-widget elementor-widget-text-editor\" data-id=\"c42e29f\" data-element_type=\"widget\" data-e-type=\"widget\" data-widget_type=\"text-editor.default\">\n\t\t\t\t<div class=\"elementor-widget-container\">\n\t\t\t\t\t\t\t\t\t<ul><li>\u00a0Copia de la credencial de elector y c\u00f3nyuge (en su caso)<\/li><li>Acta de Nacimiento y c\u00f3nyuge (en su caso)<\/li><li>Acta de Matrimonio (en su caso)<\/li><li>Comprobante de domicilio (tel\u00e9fono o Luz)<\/li><li>Copia de RFC y c\u00f3nyuge (en su caso)<\/li><\/ul>\t\t\t\t\t\t\t\t<\/div>\n\t\t\t\t<\/div>\n\t\t\t\t<div class=\"elementor-element elementor-element-47780df elementor-widget elementor-widget-heading\" data-id=\"47780df\" data-element_type=\"widget\" data-e-type=\"widget\" data-widget_type=\"heading.default\">\n\t\t\t\t<div class=\"elementor-widget-container\">\n\t\t\t\t\t<h4 class=\"elementor-heading-title elementor-size-default\">Vendedor<\/h4>\t\t\t\t<\/div>\n\t\t\t\t<\/div>\n\t\t\t\t<div class=\"elementor-element elementor-element-c9a1c5d elementor-widget elementor-widget-text-editor\" data-id=\"c9a1c5d\" data-element_type=\"widget\" data-e-type=\"widget\" data-widget_type=\"text-editor.default\">\n\t\t\t\t<div class=\"elementor-widget-container\">\n\t\t\t\t\t\t\t\t\t<ul><li>\u00a0Copia de la credencial de elector y c\u00f3nyuge (en su caso)<\/li><li>Acta de Nacimiento y c\u00f3nyuge ( en su caso)<\/li><li>Acta de Matrimonio (en su caso)<\/li><li>Copia de la Escritura con el sello del Registro<\/li><li>P\u00fablico de la Propiedad<br \/>Copia del \u00daltimo<\/li><li>Recibo Predial<\/li><li>Copia del \u00daltimo<\/li><li>Recibo de Agua<\/li><li>Copia de Planos o Croquis (de la distribuci\u00f3n)<\/li><li>Copia de un estado de cuenta con CLABE INTERBANCARIA (18 d\u00edgitos).<\/li><\/ul>\t\t\t\t\t\t\t\t<\/div>\n\t\t\t\t<\/div>\n\t\t\t\t\t<\/div>\n\t\t<\/div>\n\t\t\t\t<div class=\"elementor-column elementor-col-50 elementor-top-column elementor-element elementor-element-a957f8c\" data-id=\"a957f8c\" data-element_type=\"column\" data-e-type=\"column\">\n\t\t\t<div class=\"elementor-widget-wrap elementor-element-populated\">\n\t\t\t\t\t\t<div class=\"elementor-element elementor-element-242b7df elementor-widget elementor-widget-heading\" data-id=\"242b7df\" data-element_type=\"widget\" data-e-type=\"widget\" data-widget_type=\"heading.default\">\n\t\t\t\t<div class=\"elementor-widget-container\">\n\t\t\t\t\t<h4 class=\"elementor-heading-title elementor-size-default\">Cr\u00e9dito Fovissste<\/h4>\t\t\t\t<\/div>\n\t\t\t\t<\/div>\n\t\t\t\t<div class=\"elementor-element elementor-element-ce01eb2 elementor-widget elementor-widget-heading\" data-id=\"ce01eb2\" data-element_type=\"widget\" data-e-type=\"widget\" data-widget_type=\"heading.default\">\n\t\t\t\t<div class=\"elementor-widget-container\">\n\t\t\t\t\t<h4 class=\"elementor-heading-title elementor-size-default\">Comprador<\/h4>\t\t\t\t<\/div>\n\t\t\t\t<\/div>\n\t\t\t\t<div class=\"elementor-element elementor-element-945d370 elementor-widget elementor-widget-text-editor\" data-id=\"945d370\" data-element_type=\"widget\" data-e-type=\"widget\" data-widget_type=\"text-editor.default\">\n\t\t\t\t<div class=\"elementor-widget-container\">\n\t\t\t\t\t\t\t\t\t<ul><li>Copia de la credencial de elector y c\u00f3nyuge (en su caso)<\/li><li>Acta de Nacimiento y C\u00f3nyuge (en su caso)<\/li><li>Acta de Matrimonio (en su caso)<\/li><li>Tal\u00f3n de pago correspondiente a la quincena inmediata anterior<\/li><li>Estado de Cuenta del SAR <\/li><li>Comprobante de Domicilio<\/li><li>Constancia de Servicios, se solicita en el \u00e1rea de Recursos Humanos de la Dependencia en la que usted labore<\/li><\/ul>\t\t\t\t\t\t\t\t<\/div>\n\t\t\t\t<\/div>\n\t\t\t\t<div class=\"elementor-element elementor-element-761e0a5 elementor-widget elementor-widget-heading\" data-id=\"761e0a5\" data-element_type=\"widget\" data-e-type=\"widget\" data-widget_type=\"heading.default\">\n\t\t\t\t<div class=\"elementor-widget-container\">\n\t\t\t\t\t<h4 class=\"elementor-heading-title elementor-size-default\">Vendedor<\/h4>\t\t\t\t<\/div>\n\t\t\t\t<\/div>\n\t\t\t\t<div class=\"elementor-element elementor-element-46f4d5a elementor-widget elementor-widget-text-editor\" data-id=\"46f4d5a\" data-element_type=\"widget\" data-e-type=\"widget\" data-widget_type=\"text-editor.default\">\n\t\t\t\t<div class=\"elementor-widget-container\">\n\t\t\t\t\t\t\t\t\t<ul><li>Copia de la credencial y c\u00f3nyuge (en su caso)<\/li><li>Acta de Nacimiento y c\u00f3nyuge (en su caso)<\/li><li>Acta de Matrimonio (en su caso)<\/li><li>Copia de la Escritura con sello del Registro P\u00fablico de la Propiedad<\/li><li>Copia del \u00daltimo Recibo Predial<\/li><li>Copia del \u00daltimo Recibo de Agua<\/li><li>Copia de Planos o Croquis (de la distribuci\u00f3n)<\/li><li>Copia de un Estado de Cuenta Bancaria con CLABE INTERBANCARIA (18 d\u00edgitos), es donde fovissste le va a depositar<\/li><\/ul>\t\t\t\t\t\t\t\t<\/div>\n\t\t\t\t<\/div>\n\t\t\t\t\t<\/div>\n\t\t<\/div>\n\t\t\t\t\t<\/div>\n\t\t<\/section>\n\t\t\t\t<section class=\"elementor-section elementor-top-section elementor-element elementor-element-56cff54 elementor-section-content-top elementor-reverse-mobile elementor-section-full_width elementor-section-height-min-height elementor-section-items-top elementor-section-height-default\" data-id=\"56cff54\" data-element_type=\"section\" data-e-type=\"section\" data-settings=\"{&quot;background_background&quot;:&quot;classic&quot;}\">\n\t\t\t\t\t\t<div class=\"elementor-container elementor-column-gap-no\">\n\t\t\t\t\t<div class=\"elementor-column elementor-col-100 elementor-top-column elementor-element elementor-element-ced6146\" data-id=\"ced6146\" data-element_type=\"column\" data-e-type=\"column\">\n\t\t\t<div class=\"elementor-widget-wrap elementor-element-populated\">\n\t\t\t\t\t\t<div class=\"elementor-element elementor-element-acf2d91 elementor-widget__width-initial elementor-widget elementor-widget-text-editor\" data-id=\"acf2d91\" data-element_type=\"widget\" data-e-type=\"widget\" data-widget_type=\"text-editor.default\">\n\t\t\t\t<div class=\"elementor-widget-container\">\n\t\t\t\t\t\t\t\t\t<p>Seg\u00fan el caso, Infonavit o Fovissste tiene que enviarnos escaneados estos documentos para su revisi\u00f3n junto con la ficha de pago por concepto de honorarios de la cantidad que le indiquemos y que los mismos, para todos los casos van a estar dividido en 2 partes, 50% al inicio y 50% a la firma de escritura y los dep\u00f3sitos se har\u00e1n exclusivamente a cualquiera de las siguiente cuenta:<\/p>\t\t\t\t\t\t\t\t<\/div>\n\t\t\t\t<\/div>\n\t\t\t\t<div class=\"elementor-element elementor-element-a78af97 elementor-widget elementor-widget-heading\" data-id=\"a78af97\" data-element_type=\"widget\" data-e-type=\"widget\" data-widget_type=\"heading.default\">\n\t\t\t\t<div class=\"elementor-widget-container\">\n\t\t\t\t\t<h4 class=\"elementor-heading-title elementor-size-default\">BANCO BANCOMER<\/h4>\t\t\t\t<\/div>\n\t\t\t\t<\/div>\n\t\t\t\t<div class=\"elementor-element elementor-element-aaa022c elementor-widget elementor-widget-text-editor\" data-id=\"aaa022c\" data-element_type=\"widget\" data-e-type=\"widget\" data-widget_type=\"text-editor.default\">\n\t\t\t\t<div class=\"elementor-widget-container\">\n\t\t\t\t\t\t\t\t\t<p>PROMOTORA DE SERVICIOS INMOBILIARIOS HALO, S.A. DE C.V.<br \/>CUENTA: 0123168557<br \/>CLABE INTERBANCARIA: 012180001231685570<\/p>\t\t\t\t\t\t\t\t<\/div>\n\t\t\t\t<\/div>\n\t\t\t\t\t<\/div>\n\t\t<\/div>\n\t\t\t\t\t<\/div>\n\t\t<\/section>\n\t\t\t\t<\/div>\n\t\t","protected":false},"excerpt":{"rendered":"<p>Tr\u00e1mites Hipotecarios en la WEB Servicio \u00fanico en el Pa\u00eds donde lo Asesoramos v\u00eda internet y tel\u00e9fono para la compra de un INMUEBLE DE MERCADO ABIERTO en cualquier parte de la Rep\u00fablica Mexicana, ejerciendo de su parte un cr\u00e9dito Infonavit, Fovissste o Bancario. Ahorr\u00e1ndole tiempo y dinero, ya que lo llevamos de la mano en &hellip;<\/p>\n<p class=\"read-more\"> <a class=\"\" href=\"https:\/\/grupointegralhalo.com\/?page_id=256\"> <span class=\"screen-reader-text\">TR\u00c1MITES HIPOTECARIOS WEB<\/span> Leer m\u00e1s &raquo;<\/a><\/p>\n","protected":false},"author":1,"featured_media":0,"parent":0,"menu_order":0,"comment_status":"closed","ping_status":"closed","template":"","meta":{"_eb_attr":"","site-sidebar-layout":"default","site-content-layout":"","ast-site-content-layout":"","site-content-style":"default","site-sidebar-style":"default","ast-global-header-display":"","ast-banner-title-visibility":"","ast-main-header-display":"","ast-hfb-above-header-display":"","ast-hfb-below-header-display":"","ast-hfb-mobile-header-display":"","site-post-title":"","ast-breadcrumbs-content":"","ast-featured-img":"","footer-sml-layout":"","theme-transparent-header-meta":"","adv-header-id-meta":"","stick-header-meta":"","header-above-stick-meta":"","header-main-stick-meta":"","header-below-stick-meta":"","astra-migrate-meta-layouts":"","footnotes":""},"class_list":["post-256","page","type-page","status-publish","hentry"],"_links":{"self":[{"href":"https:\/\/grupointegralhalo.com\/index.php?rest_route=\/wp\/v2\/pages\/256","targetHints":{"allow":["GET"]}}],"collection":[{"href":"https:\/\/grupointegralhalo.com\/index.php?rest_route=\/wp\/v2\/pages"}],"about":[{"href":"https:\/\/grupointegralhalo.com\/index.php?rest_route=\/wp\/v2\/types\/page"}],"author":[{"embeddable":true,"href":"https:\/\/grupointegralhalo.com\/index.php?rest_route=\/wp\/v2\/users\/1"}],"replies":[{"embeddable":true,"href":"https:\/\/grupointegralhalo.com\/index.php?rest_route=%2Fwp%2Fv2%2Fcomments&post=256"}],"version-history":[{"count":16,"href":"https:\/\/grupointegralhalo.com\/index.php?rest_route=\/wp\/v2\/pages\/256\/revisions"}],"predecessor-version":[{"id":774,"href":"https:\/\/grupointegralhalo.com\/index.php?rest_route=\/wp\/v2\/pages\/256\/revisions\/774"}],"wp:attachment":[{"href":"https:\/\/grupointegralhalo.com\/index.php?rest_route=%2Fwp%2Fv2%2Fmedia&parent=256"}],"curies":[{"name":"wp","href":"https:\/\/api.w.org\/{rel}","templated":true}]}}