{"id":288,"date":"2023-09-12T12:20:11","date_gmt":"2023-09-12T12:20:11","guid":{"rendered":"http:\/\/grupointegralhalo.com\/?page_id=288"},"modified":"2023-09-12T12:21:46","modified_gmt":"2023-09-12T12:21:46","slug":"pensiones-imss-issste","status":"publish","type":"page","link":"https:\/\/grupointegralhalo.com\/?page_id=288","title":{"rendered":"PENSIONES IMSS ISSSTE"},"content":{"rendered":"\t\t<div data-elementor-type=\"wp-page\" data-elementor-id=\"288\" class=\"elementor elementor-288\">\n\t\t\t\t\t\t<section class=\"elementor-section elementor-top-section elementor-element elementor-element-55256012 elementor-section-height-min-height elementor-section-content-top elementor-section-full_width elementor-section-items-top elementor-section-height-default\" data-id=\"55256012\" data-element_type=\"section\" data-e-type=\"section\" data-settings=\"{&quot;background_background&quot;:&quot;classic&quot;}\">\n\t\t\t\t\t\t\t<div class=\"elementor-background-overlay\"><\/div>\n\t\t\t\t\t\t\t<div class=\"elementor-container elementor-column-gap-default\">\n\t\t\t\t\t<div class=\"elementor-column elementor-col-100 elementor-top-column elementor-element elementor-element-4d6b657b\" data-id=\"4d6b657b\" data-element_type=\"column\" data-e-type=\"column\">\n\t\t\t<div class=\"elementor-widget-wrap elementor-element-populated\">\n\t\t\t\t\t\t<div class=\"elementor-element elementor-element-b0e45f9 elementor-widget__width-initial elementor-widget elementor-widget-image\" data-id=\"b0e45f9\" data-element_type=\"widget\" data-e-type=\"widget\" data-widget_type=\"image.default\">\n\t\t\t\t<div class=\"elementor-widget-container\">\n\t\t\t\t\t\t\t\t\t\t\t\t\t\t\t<img fetchpriority=\"high\" decoding=\"async\" width=\"300\" height=\"300\" src=\"https:\/\/grupointegralhalo.com\/wp-content\/uploads\/2023\/07\/Logo-Grupo-Integral-Halo-Logo-Oro-300x300.png\" class=\"attachment-medium size-medium wp-image-66\" alt=\"\" srcset=\"https:\/\/grupointegralhalo.com\/wp-content\/uploads\/2023\/07\/Logo-Grupo-Integral-Halo-Logo-Oro-300x300.png 300w, https:\/\/grupointegralhalo.com\/wp-content\/uploads\/2023\/07\/Logo-Grupo-Integral-Halo-Logo-Oro-1024x1024.png 1024w, https:\/\/grupointegralhalo.com\/wp-content\/uploads\/2023\/07\/Logo-Grupo-Integral-Halo-Logo-Oro-150x150.png 150w, https:\/\/grupointegralhalo.com\/wp-content\/uploads\/2023\/07\/Logo-Grupo-Integral-Halo-Logo-Oro-768x768.png 768w, https:\/\/grupointegralhalo.com\/wp-content\/uploads\/2023\/07\/Logo-Grupo-Integral-Halo-Logo-Oro-1536x1536.png 1536w, https:\/\/grupointegralhalo.com\/wp-content\/uploads\/2023\/07\/Logo-Grupo-Integral-Halo-Logo-Oro.png 1811w\" sizes=\"(max-width: 300px) 100vw, 300px\" \/>\t\t\t\t\t\t\t\t\t\t\t\t\t\t\t<\/div>\n\t\t\t\t<\/div>\n\t\t\t\t<div class=\"elementor-element elementor-element-66b871d9 elementor-widget elementor-widget-heading\" data-id=\"66b871d9\" data-element_type=\"widget\" data-e-type=\"widget\" data-widget_type=\"heading.default\">\n\t\t\t\t<div class=\"elementor-widget-container\">\n\t\t\t\t\t<h2 class=\"elementor-heading-title elementor-size-default\">PENSIONES IMSS \u00b7 ISSSTE\n<\/h2>\t\t\t\t<\/div>\n\t\t\t\t<\/div>\n\t\t\t\t\t<\/div>\n\t\t<\/div>\n\t\t\t\t\t<\/div>\n\t\t<\/section>\n\t\t\t\t<section class=\"elementor-section elementor-top-section elementor-element elementor-element-77d61a5f elementor-section-content-middle elementor-reverse-mobile elementor-section-full_width elementor-section-height-min-height elementor-section-height-default elementor-section-items-middle\" data-id=\"77d61a5f\" data-element_type=\"section\" data-e-type=\"section\" data-settings=\"{&quot;background_background&quot;:&quot;classic&quot;}\">\n\t\t\t\t\t\t<div class=\"elementor-container elementor-column-gap-no\">\n\t\t\t\t\t<div class=\"elementor-column elementor-col-50 elementor-top-column elementor-element elementor-element-29415916\" data-id=\"29415916\" data-element_type=\"column\" data-e-type=\"column\">\n\t\t\t<div class=\"elementor-widget-wrap elementor-element-populated\">\n\t\t\t\t\t\t<div class=\"elementor-element elementor-element-15e0e80d elementor-widget elementor-widget-heading\" data-id=\"15e0e80d\" data-element_type=\"widget\" data-e-type=\"widget\" data-widget_type=\"heading.default\">\n\t\t\t\t<div class=\"elementor-widget-container\">\n\t\t\t\t\t<h4 class=\"elementor-heading-title elementor-size-default\">PENSIONES IMSS<\/h4>\t\t\t\t<\/div>\n\t\t\t\t<\/div>\n\t\t\t\t<div class=\"elementor-element elementor-element-6e956acb elementor-widget elementor-widget-text-editor\" data-id=\"6e956acb\" data-element_type=\"widget\" data-e-type=\"widget\" data-widget_type=\"text-editor.default\">\n\t\t\t\t<div class=\"elementor-widget-container\">\n\t\t\t\t\t\t\t\t\t<p>En Grupo HALO, te asesoramos respecto al tr\u00e1mite de tu Jubilaci\u00f3n, realizamos tu proyecci\u00f3n y te recomendamos la Ley que m\u00e1s te convenga ya sea la de 1973 o la Junio de 1997.<\/p>\t\t\t\t\t\t\t\t<\/div>\n\t\t\t\t<\/div>\n\t\t\t\t<div class=\"elementor-element elementor-element-d2a42fa elementor-widget elementor-widget-text-editor\" data-id=\"d2a42fa\" data-element_type=\"widget\" data-e-type=\"widget\" data-widget_type=\"text-editor.default\">\n\t\t\t\t<div class=\"elementor-widget-container\">\n\t\t\t\t\t\t\t\t\t<ul><li>Recuperaci\u00f3n de semanas cotizadas<\/li><li>Alta en Modalidad 40.<\/li><li>Reactivaci\u00f3n IMSS<\/li><li>Recuperaci\u00f3n de subcuenta Infonavit<\/li><\/ul>\t\t\t\t\t\t\t\t<\/div>\n\t\t\t\t<\/div>\n\t\t\t\t\t<\/div>\n\t\t<\/div>\n\t\t\t\t<div class=\"elementor-column elementor-col-50 elementor-top-column elementor-element elementor-element-4d7a27c3\" data-id=\"4d7a27c3\" data-element_type=\"column\" data-e-type=\"column\">\n\t\t\t<div class=\"elementor-widget-wrap elementor-element-populated\">\n\t\t\t\t\t\t<div class=\"elementor-element elementor-element-6419447b elementor-widget__width-initial elementor-widget elementor-widget-image\" data-id=\"6419447b\" data-element_type=\"widget\" data-e-type=\"widget\" data-widget_type=\"image.default\">\n\t\t\t\t<div class=\"elementor-widget-container\">\n\t\t\t\t\t\t\t\t\t\t\t\t\t\t\t<img decoding=\"async\" width=\"800\" height=\"485\" src=\"https:\/\/grupointegralhalo.com\/wp-content\/uploads\/2023\/09\/GIH_PensionIMSS.png\" class=\"attachment-full size-full wp-image-290\" alt=\"\" srcset=\"https:\/\/grupointegralhalo.com\/wp-content\/uploads\/2023\/09\/GIH_PensionIMSS.png 800w, https:\/\/grupointegralhalo.com\/wp-content\/uploads\/2023\/09\/GIH_PensionIMSS-300x182.png 300w, https:\/\/grupointegralhalo.com\/wp-content\/uploads\/2023\/09\/GIH_PensionIMSS-768x466.png 768w\" sizes=\"(max-width: 800px) 100vw, 800px\" \/>\t\t\t\t\t\t\t\t\t\t\t\t\t\t\t<\/div>\n\t\t\t\t<\/div>\n\t\t\t\t\t<\/div>\n\t\t<\/div>\n\t\t\t\t\t<\/div>\n\t\t<\/section>\n\t\t\t\t<section class=\"elementor-section elementor-top-section elementor-element elementor-element-05a7697 elementor-section-content-middle elementor-reverse-mobile elementor-section-full_width elementor-section-height-min-height elementor-section-height-default elementor-section-items-middle\" data-id=\"05a7697\" data-element_type=\"section\" data-e-type=\"section\" data-settings=\"{&quot;background_background&quot;:&quot;classic&quot;}\">\n\t\t\t\t\t\t<div class=\"elementor-container elementor-column-gap-no\">\n\t\t\t\t\t<div class=\"elementor-column elementor-col-50 elementor-top-column elementor-element elementor-element-33278d8\" data-id=\"33278d8\" data-element_type=\"column\" data-e-type=\"column\">\n\t\t\t<div class=\"elementor-widget-wrap elementor-element-populated\">\n\t\t\t\t\t\t<div class=\"elementor-element elementor-element-3c227da elementor-widget__width-initial elementor-widget elementor-widget-image\" data-id=\"3c227da\" data-element_type=\"widget\" data-e-type=\"widget\" data-widget_type=\"image.default\">\n\t\t\t\t<div class=\"elementor-widget-container\">\n\t\t\t\t\t\t\t\t\t\t\t\t\t\t\t<img decoding=\"async\" width=\"608\" height=\"342\" src=\"https:\/\/grupointegralhalo.com\/wp-content\/uploads\/2023\/09\/GIH_PensionISSSTE.jpg\" class=\"attachment-full size-full wp-image-291\" alt=\"\" srcset=\"https:\/\/grupointegralhalo.com\/wp-content\/uploads\/2023\/09\/GIH_PensionISSSTE.jpg 608w, https:\/\/grupointegralhalo.com\/wp-content\/uploads\/2023\/09\/GIH_PensionISSSTE-300x169.jpg 300w\" sizes=\"(max-width: 608px) 100vw, 608px\" \/>\t\t\t\t\t\t\t\t\t\t\t\t\t\t\t<\/div>\n\t\t\t\t<\/div>\n\t\t\t\t\t<\/div>\n\t\t<\/div>\n\t\t\t\t<div class=\"elementor-column elementor-col-50 elementor-top-column elementor-element elementor-element-237b234\" data-id=\"237b234\" data-element_type=\"column\" data-e-type=\"column\">\n\t\t\t<div class=\"elementor-widget-wrap elementor-element-populated\">\n\t\t\t\t\t\t<div class=\"elementor-element elementor-element-565d728 elementor-widget elementor-widget-heading\" data-id=\"565d728\" data-element_type=\"widget\" data-e-type=\"widget\" data-widget_type=\"heading.default\">\n\t\t\t\t<div class=\"elementor-widget-container\">\n\t\t\t\t\t<h4 class=\"elementor-heading-title elementor-size-default\">PENSIONES ISSSTE<\/h4>\t\t\t\t<\/div>\n\t\t\t\t<\/div>\n\t\t\t\t<div class=\"elementor-element elementor-element-573db1a elementor-widget elementor-widget-heading\" data-id=\"573db1a\" data-element_type=\"widget\" data-e-type=\"widget\" data-widget_type=\"heading.default\">\n\t\t\t\t<div class=\"elementor-widget-container\">\n\t\t\t\t\t<h4 class=\"elementor-heading-title elementor-size-default\">Requisitos<\/h4>\t\t\t\t<\/div>\n\t\t\t\t<\/div>\n\t\t\t\t<div class=\"elementor-element elementor-element-dafbc49 elementor-widget__width-initial elementor-widget elementor-widget-text-editor\" data-id=\"dafbc49\" data-element_type=\"widget\" data-e-type=\"widget\" data-widget_type=\"text-editor.default\">\n\t\t\t\t<div class=\"elementor-widget-container\">\n\t\t\t\t\t\t\t\t\t<ul><li>Mujeres, m\u00ednimo 57 a\u00f1os de edad<\/li><li>Hombres, m\u00ednimo 58 a\u00f1os de edad<\/li><li>Haber trabajado de 1 a 14 a\u00f1os m\u00e1ximo<\/li><li>Estar en el R\u00e9gimen D\u00e9cimo Transitorio <\/li><li>Haber laborado antes del 2006<\/li><\/ul><p><em><strong>SINAVID con:<\/strong><\/em><\/p><ul><li>D\u00e9cimo transitorio o inactivo<\/li><li>1 a 14 a\u00f1os m\u00e1ximo<\/li><\/ul><p><strong><em>Si no cuenta con el SINAVID, solicitarlo con:<\/em><\/strong><\/p><ul><li>CURP<\/li><li>INE vigente<br \/><br \/><\/li><\/ul>\t\t\t\t\t\t\t\t<\/div>\n\t\t\t\t<\/div>\n\t\t\t\t<div class=\"elementor-element elementor-element-4ab3595 elementor-widget elementor-widget-text-editor\" data-id=\"4ab3595\" data-element_type=\"widget\" data-e-type=\"widget\" data-widget_type=\"text-editor.default\">\n\t\t\t\t<div class=\"elementor-widget-container\">\n\t\t\t\t\t\t\t\t\t<p><strong><span style=\"font-family: Times New Roman, serif;\"><span style=\"font-size: medium;\"><span style=\"color: #1d2939;\"><span style=\"font-family: Arial, serif;\">\u00a0\u00a0 *<b>Tiempo para obtener\u00a0 la pensi\u00f3n: 10 meses\u00a0<\/b><\/span><\/span><\/span><\/span><\/strong><\/p>\t\t\t\t\t\t\t\t<\/div>\n\t\t\t\t<\/div>\n\t\t\t\t\t<\/div>\n\t\t<\/div>\n\t\t\t\t\t<\/div>\n\t\t<\/section>\n\t\t\t\t<\/div>\n\t\t","protected":false},"excerpt":{"rendered":"<p>PENSIONES IMSS \u00b7 ISSSTE PENSIONES IMSS En Grupo HALO, te asesoramos respecto al tr\u00e1mite de tu Jubilaci\u00f3n, realizamos tu proyecci\u00f3n y te recomendamos la Ley que m\u00e1s te convenga ya sea la de 1973 o la Junio de 1997. Recuperaci\u00f3n de semanas cotizadas Alta en Modalidad 40. Reactivaci\u00f3n IMSS Recuperaci\u00f3n de subcuenta Infonavit PENSIONES ISSSTE &hellip;<\/p>\n<p class=\"read-more\"> <a class=\"\" href=\"https:\/\/grupointegralhalo.com\/?page_id=288\"> <span class=\"screen-reader-text\">PENSIONES IMSS ISSSTE<\/span> Leer m\u00e1s &raquo;<\/a><\/p>\n","protected":false},"author":1,"featured_media":0,"parent":0,"menu_order":0,"comment_status":"closed","ping_status":"closed","template":"","meta":{"_eb_attr":"","site-sidebar-layout":"default","site-content-layout":"","ast-site-content-layout":"","site-content-style":"default","site-sidebar-style":"default","ast-global-header-display":"","ast-banner-title-visibility":"","ast-main-header-display":"","ast-hfb-above-header-display":"","ast-hfb-below-header-display":"","ast-hfb-mobile-header-display":"","site-post-title":"","ast-breadcrumbs-content":"","ast-featured-img":"","footer-sml-layout":"","theme-transparent-header-meta":"","adv-header-id-meta":"","stick-header-meta":"","header-above-stick-meta":"","header-main-stick-meta":"","header-below-stick-meta":"","astra-migrate-meta-layouts":"","footnotes":""},"class_list":["post-288","page","type-page","status-publish","hentry"],"_links":{"self":[{"href":"https:\/\/grupointegralhalo.com\/index.php?rest_route=\/wp\/v2\/pages\/288","targetHints":{"allow":["GET"]}}],"collection":[{"href":"https:\/\/grupointegralhalo.com\/index.php?rest_route=\/wp\/v2\/pages"}],"about":[{"href":"https:\/\/grupointegralhalo.com\/index.php?rest_route=\/wp\/v2\/types\/page"}],"author":[{"embeddable":true,"href":"https:\/\/grupointegralhalo.com\/index.php?rest_route=\/wp\/v2\/users\/1"}],"replies":[{"embeddable":true,"href":"https:\/\/grupointegralhalo.com\/index.php?rest_route=%2Fwp%2Fv2%2Fcomments&post=288"}],"version-history":[{"count":7,"href":"https:\/\/grupointegralhalo.com\/index.php?rest_route=\/wp\/v2\/pages\/288\/revisions"}],"predecessor-version":[{"id":297,"href":"https:\/\/grupointegralhalo.com\/index.php?rest_route=\/wp\/v2\/pages\/288\/revisions\/297"}],"wp:attachment":[{"href":"https:\/\/grupointegralhalo.com\/index.php?rest_route=%2Fwp%2Fv2%2Fmedia&parent=288"}],"curies":[{"name":"wp","href":"https:\/\/api.w.org\/{rel}","templated":true}]}}