{"id":318,"date":"2023-09-13T09:05:31","date_gmt":"2023-09-13T09:05:31","guid":{"rendered":"http:\/\/grupointegralhalo.com\/?page_id=318"},"modified":"2025-07-06T14:41:15","modified_gmt":"2025-07-06T14:41:15","slug":"bolsa-mexicana","status":"publish","type":"page","link":"https:\/\/grupointegralhalo.com\/?page_id=318","title":{"rendered":"BOLSA MEXICANA"},"content":{"rendered":"\t\t<div data-elementor-type=\"wp-page\" data-elementor-id=\"318\" class=\"elementor elementor-318\">\n\t\t\t\t\t\t<section class=\"elementor-section elementor-top-section elementor-element elementor-element-55256012 elementor-section-height-min-height elementor-section-content-top elementor-section-full_width elementor-section-items-top elementor-section-height-default\" data-id=\"55256012\" data-element_type=\"section\" data-e-type=\"section\" data-settings=\"{&quot;background_background&quot;:&quot;classic&quot;}\">\n\t\t\t\t\t\t\t<div class=\"elementor-background-overlay\"><\/div>\n\t\t\t\t\t\t\t<div class=\"elementor-container elementor-column-gap-default\">\n\t\t\t\t\t<div class=\"elementor-column elementor-col-100 elementor-top-column elementor-element elementor-element-4d6b657b\" data-id=\"4d6b657b\" data-element_type=\"column\" data-e-type=\"column\">\n\t\t\t<div class=\"elementor-widget-wrap elementor-element-populated\">\n\t\t\t\t\t\t<div class=\"elementor-element elementor-element-b0e45f9 elementor-widget__width-initial elementor-widget elementor-widget-image\" data-id=\"b0e45f9\" data-element_type=\"widget\" data-e-type=\"widget\" data-widget_type=\"image.default\">\n\t\t\t\t<div class=\"elementor-widget-container\">\n\t\t\t\t\t\t\t\t\t\t\t\t\t\t\t<img fetchpriority=\"high\" decoding=\"async\" width=\"300\" height=\"300\" src=\"https:\/\/grupointegralhalo.com\/wp-content\/uploads\/2023\/07\/Logo-Grupo-Integral-Halo-Logo-Oro-300x300.png\" class=\"attachment-medium size-medium wp-image-66\" alt=\"\" srcset=\"https:\/\/grupointegralhalo.com\/wp-content\/uploads\/2023\/07\/Logo-Grupo-Integral-Halo-Logo-Oro-300x300.png 300w, https:\/\/grupointegralhalo.com\/wp-content\/uploads\/2023\/07\/Logo-Grupo-Integral-Halo-Logo-Oro-1024x1024.png 1024w, https:\/\/grupointegralhalo.com\/wp-content\/uploads\/2023\/07\/Logo-Grupo-Integral-Halo-Logo-Oro-150x150.png 150w, https:\/\/grupointegralhalo.com\/wp-content\/uploads\/2023\/07\/Logo-Grupo-Integral-Halo-Logo-Oro-768x768.png 768w, https:\/\/grupointegralhalo.com\/wp-content\/uploads\/2023\/07\/Logo-Grupo-Integral-Halo-Logo-Oro-1536x1536.png 1536w, https:\/\/grupointegralhalo.com\/wp-content\/uploads\/2023\/07\/Logo-Grupo-Integral-Halo-Logo-Oro.png 1811w\" sizes=\"(max-width: 300px) 100vw, 300px\" \/>\t\t\t\t\t\t\t\t\t\t\t\t\t\t\t<\/div>\n\t\t\t\t<\/div>\n\t\t\t\t<div class=\"elementor-element elementor-element-66b871d9 elementor-widget elementor-widget-heading\" data-id=\"66b871d9\" data-element_type=\"widget\" data-e-type=\"widget\" data-widget_type=\"heading.default\">\n\t\t\t\t<div class=\"elementor-widget-container\">\n\t\t\t\t\t<h2 class=\"elementor-heading-title elementor-size-default\">Bolsa Mexicana de Valores<\/h2>\t\t\t\t<\/div>\n\t\t\t\t<\/div>\n\t\t\t\t\t<\/div>\n\t\t<\/div>\n\t\t\t\t\t<\/div>\n\t\t<\/section>\n\t\t\t\t<section class=\"elementor-section elementor-top-section elementor-element elementor-element-77077627 elementor-section-content-middle elementor-section-boxed elementor-section-height-default elementor-section-height-default\" data-id=\"77077627\" data-element_type=\"section\" data-e-type=\"section\">\n\t\t\t\t\t\t<div class=\"elementor-container elementor-column-gap-no\">\n\t\t\t\t\t<div class=\"elementor-column elementor-col-50 elementor-top-column elementor-element elementor-element-573b41b\" data-id=\"573b41b\" data-element_type=\"column\" data-e-type=\"column\" data-settings=\"{&quot;animation&quot;:&quot;none&quot;}\">\n\t\t\t<div class=\"elementor-widget-wrap elementor-element-populated\">\n\t\t\t\t\t\t<div class=\"elementor-element elementor-element-3680a7d elementor-widget elementor-widget-image\" data-id=\"3680a7d\" data-element_type=\"widget\" data-e-type=\"widget\" data-widget_type=\"image.default\">\n\t\t\t\t<div class=\"elementor-widget-container\">\n\t\t\t\t\t\t\t\t\t\t\t\t\t\t\t<img decoding=\"async\" width=\"852\" height=\"441\" src=\"https:\/\/grupointegralhalo.com\/wp-content\/uploads\/2023\/09\/Captura-de-pantalla-2023-09-13-a-las-2.21.43-a.m.png\" class=\"attachment-large size-large wp-image-320\" alt=\"\" srcset=\"https:\/\/grupointegralhalo.com\/wp-content\/uploads\/2023\/09\/Captura-de-pantalla-2023-09-13-a-las-2.21.43-a.m.png 852w, https:\/\/grupointegralhalo.com\/wp-content\/uploads\/2023\/09\/Captura-de-pantalla-2023-09-13-a-las-2.21.43-a.m-300x155.png 300w, https:\/\/grupointegralhalo.com\/wp-content\/uploads\/2023\/09\/Captura-de-pantalla-2023-09-13-a-las-2.21.43-a.m-768x398.png 768w\" sizes=\"(max-width: 852px) 100vw, 852px\" \/>\t\t\t\t\t\t\t\t\t\t\t\t\t\t\t<\/div>\n\t\t\t\t<\/div>\n\t\t\t\t\t<\/div>\n\t\t<\/div>\n\t\t\t\t<div class=\"elementor-column elementor-col-50 elementor-top-column elementor-element elementor-element-4861057f\" data-id=\"4861057f\" data-element_type=\"column\" data-e-type=\"column\">\n\t\t\t<div class=\"elementor-widget-wrap elementor-element-populated\">\n\t\t\t\t\t\t<div class=\"elementor-element elementor-element-23074abc elementor-widget elementor-widget-heading\" data-id=\"23074abc\" data-element_type=\"widget\" data-e-type=\"widget\" data-widget_type=\"heading.default\">\n\t\t\t\t<div class=\"elementor-widget-container\">\n\t\t\t\t\t<h3 class=\"elementor-heading-title elementor-size-default\">En <b>Grupo Integral HALO<\/b>, hemos dise\u00f1ado una estrategia en la cual le brindamos la posibilidad de que nuestros Clientes inviertan en instrumentos financieros y con ello obtengan buenos rendimientos, a trav\u00e9s de la compra de <b>ACCIONES<\/b>, <b>FIBRAS<\/b> o <b>ETFS<\/b> (Exchange Traded Funds) de la <b>Bolsa Mexicana de Valores<\/b> o de la <b>Bolsa de Valores de los Estados Unidos.<\/b><\/h3>\t\t\t\t<\/div>\n\t\t\t\t<\/div>\n\t\t\t\t\t<\/div>\n\t\t<\/div>\n\t\t\t\t\t<\/div>\n\t\t<\/section>\n\t\t\t\t<section class=\"elementor-section elementor-top-section elementor-element elementor-element-77d61a5f elementor-section-content-middle elementor-reverse-mobile elementor-section-full_width elementor-section-height-min-height elementor-section-height-default elementor-section-items-middle\" data-id=\"77d61a5f\" data-element_type=\"section\" data-e-type=\"section\" data-settings=\"{&quot;background_background&quot;:&quot;classic&quot;}\">\n\t\t\t\t\t\t<div class=\"elementor-container elementor-column-gap-no\">\n\t\t\t\t\t<div class=\"elementor-column elementor-col-50 elementor-top-column elementor-element elementor-element-29415916\" data-id=\"29415916\" data-element_type=\"column\" data-e-type=\"column\">\n\t\t\t<div class=\"elementor-widget-wrap elementor-element-populated\">\n\t\t\t\t\t\t<div class=\"elementor-element elementor-element-15e0e80d elementor-widget elementor-widget-heading\" data-id=\"15e0e80d\" data-element_type=\"widget\" data-e-type=\"widget\" data-widget_type=\"heading.default\">\n\t\t\t\t<div class=\"elementor-widget-container\">\n\t\t\t\t\t<h4 class=\"elementor-heading-title elementor-size-default\">\u00bfC\u00f3mo lo Hacemos?<\/h4>\t\t\t\t<\/div>\n\t\t\t\t<\/div>\n\t\t\t\t<div class=\"elementor-element elementor-element-6e956acb elementor-widget elementor-widget-text-editor\" data-id=\"6e956acb\" data-element_type=\"widget\" data-e-type=\"widget\" data-widget_type=\"text-editor.default\">\n\t\t\t\t<div class=\"elementor-widget-container\">\n\t\t\t\t\t\t\t\t\t<p><span style=\"font-family: Times New Roman, serif;\"><span style=\"font-size: medium;\"><span style=\"color: #1d2939;\"><span style=\"font-family: Arial, serif;\">Se firma un contrato por un a\u00f1o para que la inversi\u00f3n sea rentable, como empresa cobramos el 25% sobre los rendimientos y nos pagan hasta el t\u00e9rmino de contrato, lo que garantiza que vamos a colocar su inversi\u00f3n en las mejores opciones.<br \/>El monto de la inversi\u00f3n m\u00ednima es de $50,000 (Cincuenta Mil Pesos 00\/100 M.N) y no tenemos limite de monto m\u00e1ximo. <br \/>Nosotros sugerimos las mejores estrategias de inversi\u00f3n a nuestros clientes, pero si nuestro cliente desea invertir en otros mercados que no sean el de M\u00e9xico y Estados Unidos, tambi\u00e9n nos adaptamos a los diferentes requerimientos y con ello pueda invertir en los siguientes mercados: China, Francia , Jap\u00f3n, Reino Unido, Alemania, Argentina, Austria, B\u00e9lgica, Brasil, Canad\u00e1, Colombia, Espa\u00f1a, Grecia, Holanda, Italia, Luxemburgo, Noruega y Suiza. <br \/><\/span><\/span><\/span><\/span><\/p>\t\t\t\t\t\t\t\t<\/div>\n\t\t\t\t<\/div>\n\t\t\t\t\t<\/div>\n\t\t<\/div>\n\t\t\t\t<div class=\"elementor-column elementor-col-50 elementor-top-column elementor-element elementor-element-4d7a27c3\" data-id=\"4d7a27c3\" data-element_type=\"column\" data-e-type=\"column\">\n\t\t\t<div class=\"elementor-widget-wrap elementor-element-populated\">\n\t\t\t\t\t\t<div class=\"elementor-element elementor-element-6419447b elementor-widget__width-initial elementor-widget elementor-widget-image\" data-id=\"6419447b\" data-element_type=\"widget\" data-e-type=\"widget\" data-widget_type=\"image.default\">\n\t\t\t\t<div class=\"elementor-widget-container\">\n\t\t\t\t\t\t\t\t\t\t\t\t\t\t\t<img decoding=\"async\" width=\"1000\" height=\"610\" src=\"https:\/\/grupointegralhalo.com\/wp-content\/uploads\/2023\/09\/formato-blog.jpg\" class=\"attachment-full size-full wp-image-321\" alt=\"\" srcset=\"https:\/\/grupointegralhalo.com\/wp-content\/uploads\/2023\/09\/formato-blog.jpg 1000w, https:\/\/grupointegralhalo.com\/wp-content\/uploads\/2023\/09\/formato-blog-300x183.jpg 300w, https:\/\/grupointegralhalo.com\/wp-content\/uploads\/2023\/09\/formato-blog-768x468.jpg 768w\" sizes=\"(max-width: 1000px) 100vw, 1000px\" \/>\t\t\t\t\t\t\t\t\t\t\t\t\t\t\t<\/div>\n\t\t\t\t<\/div>\n\t\t\t\t\t<\/div>\n\t\t<\/div>\n\t\t\t\t\t<\/div>\n\t\t<\/section>\n\t\t\t\t<section class=\"elementor-section elementor-top-section elementor-element elementor-element-1ac6659 elementor-section-content-middle elementor-reverse-mobile elementor-section-full_width elementor-section-height-min-height elementor-section-height-default elementor-section-items-middle\" data-id=\"1ac6659\" data-element_type=\"section\" data-e-type=\"section\" data-settings=\"{&quot;background_background&quot;:&quot;classic&quot;}\">\n\t\t\t\t\t\t<div class=\"elementor-container elementor-column-gap-no\">\n\t\t\t\t\t<div class=\"elementor-column elementor-col-50 elementor-top-column elementor-element elementor-element-a440fb7\" data-id=\"a440fb7\" data-element_type=\"column\" data-e-type=\"column\">\n\t\t\t<div class=\"elementor-widget-wrap elementor-element-populated\">\n\t\t\t\t\t\t<div class=\"elementor-element elementor-element-6c79875 elementor-widget__width-initial elementor-widget elementor-widget-image\" data-id=\"6c79875\" data-element_type=\"widget\" data-e-type=\"widget\" data-widget_type=\"image.default\">\n\t\t\t\t<div class=\"elementor-widget-container\">\n\t\t\t\t\t\t\t\t\t\t\t\t\t\t\t<img loading=\"lazy\" decoding=\"async\" width=\"760\" height=\"420\" src=\"https:\/\/grupointegralhalo.com\/wp-content\/uploads\/2023\/09\/imagen-para-forbes-.jpg\" class=\"attachment-full size-full wp-image-322\" alt=\"\" srcset=\"https:\/\/grupointegralhalo.com\/wp-content\/uploads\/2023\/09\/imagen-para-forbes-.jpg 760w, https:\/\/grupointegralhalo.com\/wp-content\/uploads\/2023\/09\/imagen-para-forbes--300x166.jpg 300w\" sizes=\"(max-width: 760px) 100vw, 760px\" \/>\t\t\t\t\t\t\t\t\t\t\t\t\t\t\t<\/div>\n\t\t\t\t<\/div>\n\t\t\t\t\t<\/div>\n\t\t<\/div>\n\t\t\t\t<div class=\"elementor-column elementor-col-50 elementor-top-column elementor-element elementor-element-d6c1601\" data-id=\"d6c1601\" data-element_type=\"column\" data-e-type=\"column\">\n\t\t\t<div class=\"elementor-widget-wrap elementor-element-populated\">\n\t\t\t\t\t\t<div class=\"elementor-element elementor-element-c7010ed elementor-widget__width-initial elementor-widget elementor-widget-text-editor\" data-id=\"c7010ed\" data-element_type=\"widget\" data-e-type=\"widget\" data-widget_type=\"text-editor.default\">\n\t\t\t\t<div class=\"elementor-widget-container\">\n\t\t\t\t\t\t\t\t\t<p><span style=\"font-family: Times New Roman, serif;\"><span style=\"font-size: medium;\"><span style=\"color: #1d2939;\"><span style=\"font-family: Arial, serif;\">Es importante comentar en esta parte, que realizamos un an\u00e1lisis de las tendencias de los diferentes instrumentos financieros y acatamos a la vez recomendaciones de expertos corredores de Bolsa Nacionales e Internacionales, y lo principal hacemos un an\u00e1lisis del valor intr\u00ednseco de las empresas a invertir de los diferentes sectores como lo son en el Mercado de Acciones tanto Nacionales como Internacionales; Salud, Materias Primas, Transporte, Servicios, Tecnolog\u00eda, Industrial, Consumo, Financiero y de Servicios, En FIBRAS en ramos como lo son; Inmobiliario, Financiero, Energ\u00eda y Transporte y ETFS en los ramos; Financiero,Acciones por regi\u00f3n, Acciones por tama\u00f1o, Deuda Gubernamental y Especializado.<\/span><\/span><\/span><\/span><\/p><p><strong><em>Para entender en que consisten estos instrumentos argumentamos lo siguiente:<br \/><\/em><\/strong>Las <strong>ACCIONES<\/strong> son las partes en las que se divide una empresa. Cada inversor de una compa\u00f1\u00eda posee un determinado de acciones, por lo que sera due\u00f1o del porcentaje que estos t\u00edtulos representan de la compa\u00f1\u00eda. El valor de todas las acciones de la compa\u00f1\u00eda es su capitalizaci\u00f3n de mercado, por ello al invertir usted en Acciones se vuelve propietario de cierto porcentaje de la compa\u00f1\u00eda. <br \/>Un ejemplo de ACCIONES internacionales en este momento que tienden a obtener excelentes rendimientos al termino de este a\u00f1o 2023 son las acciones de 2 empresas Estadounidenses como lo son TESLA (L\u00edder Mundial en la fabricaci\u00f3n de veh\u00edculos el\u00e9ctricos) O AMAZON (L\u00edder mundial de comercio electr\u00f3nico) y en el caso de M\u00e9xico GRUPO M\u00c9XICO (empresa l\u00edder productora de acero) o BIMBO (empresa l\u00edder productora de pan) por citas solo algunos casos, y que con nosotros usted va a poder invertir en ellas, ya que llevamos acabo estas operaciones. <\/p>\t\t\t\t\t\t\t\t<\/div>\n\t\t\t\t<\/div>\n\t\t\t\t\t<\/div>\n\t\t<\/div>\n\t\t\t\t\t<\/div>\n\t\t<\/section>\n\t\t\t\t<section class=\"elementor-section elementor-top-section elementor-element elementor-element-5f33b3b elementor-section-content-middle elementor-reverse-mobile elementor-section-full_width elementor-section-height-min-height elementor-section-height-default elementor-section-items-middle\" data-id=\"5f33b3b\" data-element_type=\"section\" data-e-type=\"section\" data-settings=\"{&quot;background_background&quot;:&quot;classic&quot;}\">\n\t\t\t\t\t\t<div class=\"elementor-container elementor-column-gap-no\">\n\t\t\t\t\t<div class=\"elementor-column elementor-col-50 elementor-top-column elementor-element elementor-element-3d5edfe\" data-id=\"3d5edfe\" data-element_type=\"column\" data-e-type=\"column\">\n\t\t\t<div class=\"elementor-widget-wrap elementor-element-populated\">\n\t\t\t\t\t\t<div class=\"elementor-element elementor-element-3874c63 elementor-widget elementor-widget-text-editor\" data-id=\"3874c63\" data-element_type=\"widget\" data-e-type=\"widget\" data-widget_type=\"text-editor.default\">\n\t\t\t\t<div class=\"elementor-widget-container\">\n\t\t\t\t\t\t\t\t\t<p><span style=\"font-family: Times New Roman, serif;\"><span style=\"font-size: medium;\"><span style=\"color: #1d2939;\"><span style=\"font-family: Arial, serif;\">Las <strong>FIBRAS<\/strong> son los Fideicomisos de Inversi\u00f3n en Bienes Ra\u00edces, son inversiones de capital para obtener ganancias de la renta de inmuebles como oficinas, locales comerciales, y hoteles entre otros. Este fideicomiso es administrado por un fiduciario (instituci\u00f3n a cargo de inmuebles). Las FIBRAS dan la oportunidad de participar en el financiamiento de proyectos inmobiliarios a inversionistas, que reciben como ingreso el dinero de la renta mensual de los inmuebles comerciales. Las FIBRAS cotizan en bolsa y el dividendo o ganancia de las acciones se reparte entre los propietarios y accionistas del Fideicomiso en forma proporcional, por ello al momento de que usted invierte en FIBRAS, es como si fuera propietario del Local comercial en Renta y recibe la parte proporcional en base al monto de su inversi\u00f3n. <br \/><br \/><strong>LOS ETFS O EXCHANGE TRADED FUNDS<\/strong> son un conjunto de t\u00edtulos que cotizan en una bolsa del mismo modo que las acciones individuales, pero que, a diferencia de los Fondos de Inversi\u00f3n, los ETFS pueden ser comprados y vendidos a lo largo de la sesi\u00f3n burs\u00e1til. <br \/>Su objetivo es replicar el comportamiento de un \u00edndice burs\u00e1til como \u00e9l (IPC, Dow Jones, o el S&amp;P500, entre otros), materias primas (Como el oro o el petr\u00f3leo), tipo de cambio (peso, d\u00f3lar o euro, por ejemplo), activos subyacentes (t\u00edtulos de deuda, sectores, pa\u00edses, entre otros). <br \/>Los ETFS se conforman como cualquier fondo de inversi\u00f3n diversificado en diferentes instrumentos financieros, la diferencia es que estos fondos cotizan en bolsa. <br \/><\/span><\/span><\/span><\/span><\/p>\t\t\t\t\t\t\t\t<\/div>\n\t\t\t\t<\/div>\n\t\t\t\t\t<\/div>\n\t\t<\/div>\n\t\t\t\t<div class=\"elementor-column elementor-col-50 elementor-top-column elementor-element elementor-element-312a9e3\" data-id=\"312a9e3\" data-element_type=\"column\" data-e-type=\"column\">\n\t\t\t<div class=\"elementor-widget-wrap elementor-element-populated\">\n\t\t\t\t\t\t<div class=\"elementor-element elementor-element-8052970 elementor-widget__width-initial elementor-widget elementor-widget-image\" data-id=\"8052970\" data-element_type=\"widget\" data-e-type=\"widget\" data-widget_type=\"image.default\">\n\t\t\t\t<div class=\"elementor-widget-container\">\n\t\t\t\t\t\t\t\t\t\t\t\t\t\t\t<img loading=\"lazy\" decoding=\"async\" width=\"760\" height=\"429\" src=\"https:\/\/grupointegralhalo.com\/wp-content\/uploads\/2023\/09\/Captura-de-pantalla-2023-09-13-a-las-3.00.03-a.m.png\" class=\"attachment-full size-full wp-image-323\" alt=\"\" srcset=\"https:\/\/grupointegralhalo.com\/wp-content\/uploads\/2023\/09\/Captura-de-pantalla-2023-09-13-a-las-3.00.03-a.m.png 760w, https:\/\/grupointegralhalo.com\/wp-content\/uploads\/2023\/09\/Captura-de-pantalla-2023-09-13-a-las-3.00.03-a.m-300x169.png 300w\" sizes=\"(max-width: 760px) 100vw, 760px\" \/>\t\t\t\t\t\t\t\t\t\t\t\t\t\t\t<\/div>\n\t\t\t\t<\/div>\n\t\t\t\t\t<\/div>\n\t\t<\/div>\n\t\t\t\t\t<\/div>\n\t\t<\/section>\n\t\t\t\t<\/div>\n\t\t","protected":false},"excerpt":{"rendered":"<p>Bolsa Mexicana de Valores En Grupo Integral HALO, hemos dise\u00f1ado una estrategia en la cual le brindamos la posibilidad de que nuestros Clientes inviertan en instrumentos financieros y con ello obtengan buenos rendimientos, a trav\u00e9s de la compra de ACCIONES, FIBRAS o ETFS (Exchange Traded Funds) de la Bolsa Mexicana de Valores o de la &hellip;<\/p>\n<p class=\"read-more\"> <a class=\"\" href=\"https:\/\/grupointegralhalo.com\/?page_id=318\"> <span class=\"screen-reader-text\">BOLSA MEXICANA<\/span> Leer m\u00e1s &raquo;<\/a><\/p>\n","protected":false},"author":1,"featured_media":0,"parent":0,"menu_order":0,"comment_status":"closed","ping_status":"closed","template":"","meta":{"_eb_attr":"","site-sidebar-layout":"default","site-content-layout":"","ast-site-content-layout":"","site-content-style":"default","site-sidebar-style":"default","ast-global-header-display":"","ast-banner-title-visibility":"","ast-main-header-display":"","ast-hfb-above-header-display":"","ast-hfb-below-header-display":"","ast-hfb-mobile-header-display":"","site-post-title":"","ast-breadcrumbs-content":"","ast-featured-img":"","footer-sml-layout":"","theme-transparent-header-meta":"","adv-header-id-meta":"","stick-header-meta":"","header-above-stick-meta":"","header-main-stick-meta":"","header-below-stick-meta":"","astra-migrate-meta-layouts":"","footnotes":""},"class_list":["post-318","page","type-page","status-publish","hentry"],"_links":{"self":[{"href":"https:\/\/grupointegralhalo.com\/index.php?rest_route=\/wp\/v2\/pages\/318","targetHints":{"allow":["GET"]}}],"collection":[{"href":"https:\/\/grupointegralhalo.com\/index.php?rest_route=\/wp\/v2\/pages"}],"about":[{"href":"https:\/\/grupointegralhalo.com\/index.php?rest_route=\/wp\/v2\/types\/page"}],"author":[{"embeddable":true,"href":"https:\/\/grupointegralhalo.com\/index.php?rest_route=\/wp\/v2\/users\/1"}],"replies":[{"embeddable":true,"href":"https:\/\/grupointegralhalo.com\/index.php?rest_route=%2Fwp%2Fv2%2Fcomments&post=318"}],"version-history":[{"count":7,"href":"https:\/\/grupointegralhalo.com\/index.php?rest_route=\/wp\/v2\/pages\/318\/revisions"}],"predecessor-version":[{"id":771,"href":"https:\/\/grupointegralhalo.com\/index.php?rest_route=\/wp\/v2\/pages\/318\/revisions\/771"}],"wp:attachment":[{"href":"https:\/\/grupointegralhalo.com\/index.php?rest_route=%2Fwp%2Fv2%2Fmedia&parent=318"}],"curies":[{"name":"wp","href":"https:\/\/api.w.org\/{rel}","templated":true}]}}