{"id":476,"date":"2023-09-15T21:06:27","date_gmt":"2023-09-15T21:06:27","guid":{"rendered":"http:\/\/grupointegralhalo.com\/?page_id=476"},"modified":"2023-09-15T21:32:13","modified_gmt":"2023-09-15T21:32:13","slug":"soluciones-inteligentes","status":"publish","type":"page","link":"https:\/\/grupointegralhalo.com\/?page_id=476","title":{"rendered":"SOLUCIONES INTELIGENTES"},"content":{"rendered":"\t\t<div data-elementor-type=\"wp-page\" data-elementor-id=\"476\" class=\"elementor elementor-476\">\n\t\t\t\t\t\t<section class=\"elementor-section elementor-top-section elementor-element elementor-element-55256012 elementor-section-height-min-height elementor-section-content-top elementor-section-full_width elementor-section-items-top elementor-section-height-default\" data-id=\"55256012\" data-element_type=\"section\" data-e-type=\"section\" data-settings=\"{&quot;background_background&quot;:&quot;classic&quot;}\">\n\t\t\t\t\t\t\t<div class=\"elementor-background-overlay\"><\/div>\n\t\t\t\t\t\t\t<div class=\"elementor-container elementor-column-gap-default\">\n\t\t\t\t\t<div class=\"elementor-column elementor-col-100 elementor-top-column elementor-element elementor-element-4d6b657b\" data-id=\"4d6b657b\" data-element_type=\"column\" data-e-type=\"column\">\n\t\t\t<div class=\"elementor-widget-wrap elementor-element-populated\">\n\t\t\t\t\t\t<div class=\"elementor-element elementor-element-b0e45f9 elementor-widget__width-initial elementor-widget elementor-widget-image\" data-id=\"b0e45f9\" data-element_type=\"widget\" data-e-type=\"widget\" data-widget_type=\"image.default\">\n\t\t\t\t<div class=\"elementor-widget-container\">\n\t\t\t\t\t\t\t\t\t\t\t\t\t\t\t<img fetchpriority=\"high\" decoding=\"async\" width=\"300\" height=\"300\" src=\"https:\/\/grupointegralhalo.com\/wp-content\/uploads\/2023\/07\/Logo-Grupo-Integral-Halo-Logo-Oro-300x300.png\" class=\"attachment-medium size-medium wp-image-66\" alt=\"\" srcset=\"https:\/\/grupointegralhalo.com\/wp-content\/uploads\/2023\/07\/Logo-Grupo-Integral-Halo-Logo-Oro-300x300.png 300w, https:\/\/grupointegralhalo.com\/wp-content\/uploads\/2023\/07\/Logo-Grupo-Integral-Halo-Logo-Oro-1024x1024.png 1024w, https:\/\/grupointegralhalo.com\/wp-content\/uploads\/2023\/07\/Logo-Grupo-Integral-Halo-Logo-Oro-150x150.png 150w, https:\/\/grupointegralhalo.com\/wp-content\/uploads\/2023\/07\/Logo-Grupo-Integral-Halo-Logo-Oro-768x768.png 768w, https:\/\/grupointegralhalo.com\/wp-content\/uploads\/2023\/07\/Logo-Grupo-Integral-Halo-Logo-Oro-1536x1536.png 1536w, https:\/\/grupointegralhalo.com\/wp-content\/uploads\/2023\/07\/Logo-Grupo-Integral-Halo-Logo-Oro.png 1811w\" sizes=\"(max-width: 300px) 100vw, 300px\" \/>\t\t\t\t\t\t\t\t\t\t\t\t\t\t\t<\/div>\n\t\t\t\t<\/div>\n\t\t\t\t<div class=\"elementor-element elementor-element-66b871d9 elementor-widget elementor-widget-heading\" data-id=\"66b871d9\" data-element_type=\"widget\" data-e-type=\"widget\" data-widget_type=\"heading.default\">\n\t\t\t\t<div class=\"elementor-widget-container\">\n\t\t\t\t\t<h2 class=\"elementor-heading-title elementor-size-default\">Soluciones Inteligentes<\/h2>\t\t\t\t<\/div>\n\t\t\t\t<\/div>\n\t\t\t\t\t<\/div>\n\t\t<\/div>\n\t\t\t\t\t<\/div>\n\t\t<\/section>\n\t\t\t\t<section class=\"elementor-section elementor-top-section elementor-element elementor-element-77077627 elementor-section-content-middle elementor-section-boxed elementor-section-height-default elementor-section-height-default\" data-id=\"77077627\" data-element_type=\"section\" data-e-type=\"section\">\n\t\t\t\t\t\t<div class=\"elementor-container elementor-column-gap-no\">\n\t\t\t\t\t<div class=\"elementor-column elementor-col-100 elementor-top-column elementor-element elementor-element-4861057f\" data-id=\"4861057f\" data-element_type=\"column\" data-e-type=\"column\">\n\t\t\t<div class=\"elementor-widget-wrap elementor-element-populated\">\n\t\t\t\t\t\t<section class=\"elementor-section elementor-inner-section elementor-element elementor-element-f04bead elementor-section-boxed elementor-section-height-default elementor-section-height-default\" data-id=\"f04bead\" data-element_type=\"section\" data-e-type=\"section\" data-settings=\"{&quot;background_background&quot;:&quot;video&quot;,&quot;background_video_link&quot;:&quot;https:\\\/\\\/youtu.be\\\/Cxrd0_4cDo4&quot;}\">\n\t\t\t\t\t\t\t\t<div class=\"elementor-background-video-container elementor-hidden-mobile\">\n\t\t\t\t\t\t\t\t\t\t\t\t\t<div class=\"elementor-background-video-embed\" role=\"presentation\"><\/div>\n\t\t\t\t\t\t\t\t\t\t\t\t<\/div>\n\t\t\t\t\t\t\t\t<div class=\"elementor-container elementor-column-gap-default\">\n\t\t\t\t\t<div class=\"elementor-column elementor-col-100 elementor-inner-column elementor-element elementor-element-5656aae\" data-id=\"5656aae\" data-element_type=\"column\" data-e-type=\"column\">\n\t\t\t<div class=\"elementor-widget-wrap elementor-element-populated\">\n\t\t\t\t\t\t<div class=\"elementor-element elementor-element-e94f5e3 elementor-widget elementor-widget-spacer\" data-id=\"e94f5e3\" data-element_type=\"widget\" data-e-type=\"widget\" data-widget_type=\"spacer.default\">\n\t\t\t\t<div class=\"elementor-widget-container\">\n\t\t\t\t\t\t\t<div class=\"elementor-spacer\">\n\t\t\t<div class=\"elementor-spacer-inner\"><\/div>\n\t\t<\/div>\n\t\t\t\t\t\t<\/div>\n\t\t\t\t<\/div>\n\t\t\t\t\t<\/div>\n\t\t<\/div>\n\t\t\t\t\t<\/div>\n\t\t<\/section>\n\t\t\t\t<div class=\"elementor-element elementor-element-23074abc elementor-widget__width-initial elementor-widget elementor-widget-heading\" data-id=\"23074abc\" data-element_type=\"widget\" data-e-type=\"widget\" data-widget_type=\"heading.default\">\n\t\t\t\t<div class=\"elementor-widget-container\">\n\t\t\t\t\t<h3 class=\"elementor-heading-title elementor-size-default\">Bajo la raz\u00f3n social <b>Promotora de Servicios Inmobiliarios y Legales HALO, S.A. de C.V.<\/b>, hemos dise\u00f1ado una estrategia \u00fanica en M\u00e9xico, donde le brindamos una asesor\u00eda integral, para dar soluci\u00f3n a sus diferentes necesidades, sugiri\u00e9ndole las mejores recomendaciones de manera t\u00e1ctica y estrat\u00e9gica a ejecutar, en Materia Legal, lo atendemos en casos de tipo Penal, Civil, Familiar, Laboral, Mercantil y delitos\nde car\u00e1cter Inform\u00e1tico.<\/h3>\t\t\t\t<\/div>\n\t\t\t\t<\/div>\n\t\t\t\t\t<\/div>\n\t\t<\/div>\n\t\t\t\t\t<\/div>\n\t\t<\/section>\n\t\t\t\t<section class=\"elementor-section elementor-top-section elementor-element elementor-element-77d61a5f elementor-section-content-middle elementor-reverse-mobile elementor-section-full_width elementor-section-height-min-height elementor-section-height-default elementor-section-items-middle\" data-id=\"77d61a5f\" data-element_type=\"section\" data-e-type=\"section\" data-settings=\"{&quot;background_background&quot;:&quot;classic&quot;}\">\n\t\t\t\t\t\t<div class=\"elementor-container elementor-column-gap-no\">\n\t\t\t\t\t<div class=\"elementor-column elementor-col-50 elementor-top-column elementor-element elementor-element-29415916\" data-id=\"29415916\" data-element_type=\"column\" data-e-type=\"column\">\n\t\t\t<div class=\"elementor-widget-wrap elementor-element-populated\">\n\t\t\t\t\t\t<div class=\"elementor-element elementor-element-15e0e80d elementor-widget elementor-widget-heading\" data-id=\"15e0e80d\" data-element_type=\"widget\" data-e-type=\"widget\" data-widget_type=\"heading.default\">\n\t\t\t\t<div class=\"elementor-widget-container\">\n\t\t\t\t\t<h4 class=\"elementor-heading-title elementor-size-default\">SOLUCIONES LEGALES<\/h4>\t\t\t\t<\/div>\n\t\t\t\t<\/div>\n\t\t\t\t<div class=\"elementor-element elementor-element-6e956acb elementor-widget elementor-widget-text-editor\" data-id=\"6e956acb\" data-element_type=\"widget\" data-e-type=\"widget\" data-widget_type=\"text-editor.default\">\n\t\t\t\t<div class=\"elementor-widget-container\">\n\t\t\t\t\t\t\t\t\t<p>Brindamos asesor\u00eda legal de manera profesional, \u00e9tica e integral en las siguientes ramas:<\/p><ul><li>Derecho Penal<\/li><li>Derecho Civil<\/li><li>Derecho Familiar<\/li><li>Derecho Mercantil<\/li><li>Derecho Laboral<\/li><li>Derecho Administrativo<\/li><\/ul>\t\t\t\t\t\t\t\t<\/div>\n\t\t\t\t<\/div>\n\t\t\t\t<div class=\"elementor-element elementor-element-6c8850f elementor-align-center e-transform elementor-widget elementor-widget-button\" data-id=\"6c8850f\" data-element_type=\"widget\" data-e-type=\"widget\" data-settings=\"{&quot;_transform_scaleX_effect_hover&quot;:{&quot;unit&quot;:&quot;px&quot;,&quot;size&quot;:&quot;&quot;,&quot;sizes&quot;:[]},&quot;_transform_scaleX_effect_hover_tablet&quot;:{&quot;unit&quot;:&quot;px&quot;,&quot;size&quot;:&quot;&quot;,&quot;sizes&quot;:[]},&quot;_transform_scaleX_effect_hover_mobile&quot;:{&quot;unit&quot;:&quot;px&quot;,&quot;size&quot;:&quot;&quot;,&quot;sizes&quot;:[]},&quot;_transform_scaleY_effect_hover&quot;:{&quot;unit&quot;:&quot;px&quot;,&quot;size&quot;:&quot;&quot;,&quot;sizes&quot;:[]},&quot;_transform_scaleY_effect_hover_tablet&quot;:{&quot;unit&quot;:&quot;px&quot;,&quot;size&quot;:&quot;&quot;,&quot;sizes&quot;:[]},&quot;_transform_scaleY_effect_hover_mobile&quot;:{&quot;unit&quot;:&quot;px&quot;,&quot;size&quot;:&quot;&quot;,&quot;sizes&quot;:[]}}\" data-widget_type=\"button.default\">\n\t\t\t\t<div class=\"elementor-widget-container\">\n\t\t\t\t\t\t\t\t\t<div class=\"elementor-button-wrapper\">\n\t\t\t\t\t<a class=\"elementor-button elementor-button-link elementor-size-sm\" href=\"http:\/\/grupointegralhalo.com\/?page_id=152\">\n\t\t\t\t\t\t<span class=\"elementor-button-content-wrapper\">\n\t\t\t\t\t\t\t\t\t<span class=\"elementor-button-text\">VER M\u00c1S DETALLES<\/span>\n\t\t\t\t\t<\/span>\n\t\t\t\t\t<\/a>\n\t\t\t\t<\/div>\n\t\t\t\t\t\t\t\t<\/div>\n\t\t\t\t<\/div>\n\t\t\t\t\t<\/div>\n\t\t<\/div>\n\t\t\t\t<div class=\"elementor-column elementor-col-50 elementor-top-column elementor-element elementor-element-4d7a27c3\" data-id=\"4d7a27c3\" data-element_type=\"column\" data-e-type=\"column\">\n\t\t\t<div class=\"elementor-widget-wrap elementor-element-populated\">\n\t\t\t\t\t\t<div class=\"elementor-element elementor-element-6419447b elementor-widget__width-initial elementor-widget elementor-widget-image\" data-id=\"6419447b\" data-element_type=\"widget\" data-e-type=\"widget\" data-widget_type=\"image.default\">\n\t\t\t\t<div class=\"elementor-widget-container\">\n\t\t\t\t\t\t\t\t\t\t\t\t\t\t\t<img decoding=\"async\" width=\"1025\" height=\"527\" src=\"https:\/\/grupointegralhalo.com\/wp-content\/uploads\/2023\/09\/Captura-de-pantalla-2023-07-27-a-las-19.36.19.png\" class=\"attachment-full size-full wp-image-175\" alt=\"\" srcset=\"https:\/\/grupointegralhalo.com\/wp-content\/uploads\/2023\/09\/Captura-de-pantalla-2023-07-27-a-las-19.36.19.png 1025w, https:\/\/grupointegralhalo.com\/wp-content\/uploads\/2023\/09\/Captura-de-pantalla-2023-07-27-a-las-19.36.19-300x154.png 300w, https:\/\/grupointegralhalo.com\/wp-content\/uploads\/2023\/09\/Captura-de-pantalla-2023-07-27-a-las-19.36.19-768x395.png 768w\" sizes=\"(max-width: 1025px) 100vw, 1025px\" \/>\t\t\t\t\t\t\t\t\t\t\t\t\t\t\t<\/div>\n\t\t\t\t<\/div>\n\t\t\t\t\t<\/div>\n\t\t<\/div>\n\t\t\t\t\t<\/div>\n\t\t<\/section>\n\t\t\t\t<section class=\"elementor-section elementor-top-section elementor-element elementor-element-f2ccd24 elementor-section-content-middle elementor-reverse-mobile elementor-section-full_width elementor-section-height-min-height elementor-section-height-default elementor-section-items-middle\" data-id=\"f2ccd24\" data-element_type=\"section\" data-e-type=\"section\" data-settings=\"{&quot;background_background&quot;:&quot;classic&quot;}\">\n\t\t\t\t\t\t<div class=\"elementor-container elementor-column-gap-no\">\n\t\t\t\t\t<div class=\"elementor-column elementor-col-50 elementor-top-column elementor-element elementor-element-065f302\" data-id=\"065f302\" data-element_type=\"column\" data-e-type=\"column\">\n\t\t\t<div class=\"elementor-widget-wrap elementor-element-populated\">\n\t\t\t\t\t\t<div class=\"elementor-element elementor-element-dae5be0 elementor-widget__width-initial elementor-widget elementor-widget-image\" data-id=\"dae5be0\" data-element_type=\"widget\" data-e-type=\"widget\" data-widget_type=\"image.default\">\n\t\t\t\t<div class=\"elementor-widget-container\">\n\t\t\t\t\t\t\t\t\t\t\t\t\t\t\t<img decoding=\"async\" width=\"665\" height=\"497\" src=\"https:\/\/grupointegralhalo.com\/wp-content\/uploads\/2023\/09\/Captura-de-pantalla-2023-09-11-a-las-11.46.47-p.m.png\" class=\"attachment-full size-full wp-image-230\" alt=\"\" srcset=\"https:\/\/grupointegralhalo.com\/wp-content\/uploads\/2023\/09\/Captura-de-pantalla-2023-09-11-a-las-11.46.47-p.m.png 665w, https:\/\/grupointegralhalo.com\/wp-content\/uploads\/2023\/09\/Captura-de-pantalla-2023-09-11-a-las-11.46.47-p.m-300x224.png 300w\" sizes=\"(max-width: 665px) 100vw, 665px\" \/>\t\t\t\t\t\t\t\t\t\t\t\t\t\t\t<\/div>\n\t\t\t\t<\/div>\n\t\t\t\t\t<\/div>\n\t\t<\/div>\n\t\t\t\t<div class=\"elementor-column elementor-col-50 elementor-top-column elementor-element elementor-element-01db36a\" data-id=\"01db36a\" data-element_type=\"column\" data-e-type=\"column\">\n\t\t\t<div class=\"elementor-widget-wrap elementor-element-populated\">\n\t\t\t\t\t\t<div class=\"elementor-element elementor-element-2684917 elementor-widget__width-initial elementor-widget elementor-widget-heading\" data-id=\"2684917\" data-element_type=\"widget\" data-e-type=\"widget\" data-widget_type=\"heading.default\">\n\t\t\t\t<div class=\"elementor-widget-container\">\n\t\t\t\t\t<h4 class=\"elementor-heading-title elementor-size-default\">SOLUCIONES HIPOTECARIAS<\/h4>\t\t\t\t<\/div>\n\t\t\t\t<\/div>\n\t\t\t\t<div class=\"elementor-element elementor-element-7d693c9 elementor-widget__width-initial elementor-widget elementor-widget-text-editor\" data-id=\"7d693c9\" data-element_type=\"widget\" data-e-type=\"widget\" data-widget_type=\"text-editor.default\">\n\t\t\t\t<div class=\"elementor-widget-container\">\n\t\t\t\t\t\t\t\t\t<p>Uno de nuestros compromisos es que nuestros clientes obtengan el m\u00e1ximo beneficio al ejercer su cr\u00e9dito hipotecario ya sea Infonavit, Fovissste o con alguna instituci\u00f3n bancaria. Nos hemos especializado en la obtenci\u00f3n de Propiedades de Mercado Abierto (usadas) ya que en nuestra experiencia suelen tener una mejor ubicaci\u00f3n o las dimensiones suelen ser mayores dando por resultado tener mayor plusval\u00eda.<\/p><ul><li><strong>Financieros<\/strong><ul><li>INFONAVIT<\/li><li>FOVISSSTE<\/li><\/ul><\/li><li><strong>INMOBILIARIOS<\/strong><\/li><li><strong>JUR\u00cdDICOS Y ADMINISTRATIVOS<\/strong><\/li><\/ul><p>\u00a0<\/p>\t\t\t\t\t\t\t\t<\/div>\n\t\t\t\t<\/div>\n\t\t\t\t<div class=\"elementor-element elementor-element-9724346 elementor-align-center e-transform elementor-widget elementor-widget-button\" data-id=\"9724346\" data-element_type=\"widget\" data-e-type=\"widget\" data-settings=\"{&quot;_transform_scaleX_effect_hover&quot;:{&quot;unit&quot;:&quot;px&quot;,&quot;size&quot;:&quot;&quot;,&quot;sizes&quot;:[]},&quot;_transform_scaleX_effect_hover_tablet&quot;:{&quot;unit&quot;:&quot;px&quot;,&quot;size&quot;:&quot;&quot;,&quot;sizes&quot;:[]},&quot;_transform_scaleX_effect_hover_mobile&quot;:{&quot;unit&quot;:&quot;px&quot;,&quot;size&quot;:&quot;&quot;,&quot;sizes&quot;:[]},&quot;_transform_scaleY_effect_hover&quot;:{&quot;unit&quot;:&quot;px&quot;,&quot;size&quot;:&quot;&quot;,&quot;sizes&quot;:[]},&quot;_transform_scaleY_effect_hover_tablet&quot;:{&quot;unit&quot;:&quot;px&quot;,&quot;size&quot;:&quot;&quot;,&quot;sizes&quot;:[]},&quot;_transform_scaleY_effect_hover_mobile&quot;:{&quot;unit&quot;:&quot;px&quot;,&quot;size&quot;:&quot;&quot;,&quot;sizes&quot;:[]}}\" data-widget_type=\"button.default\">\n\t\t\t\t<div class=\"elementor-widget-container\">\n\t\t\t\t\t\t\t\t\t<div class=\"elementor-button-wrapper\">\n\t\t\t\t\t<a class=\"elementor-button elementor-button-link elementor-size-sm\" href=\"http:\/\/grupointegralhalo.com\/?page_id=228\">\n\t\t\t\t\t\t<span class=\"elementor-button-content-wrapper\">\n\t\t\t\t\t\t\t\t\t<span class=\"elementor-button-text\">VER M\u00c1S DETALLES<\/span>\n\t\t\t\t\t<\/span>\n\t\t\t\t\t<\/a>\n\t\t\t\t<\/div>\n\t\t\t\t\t\t\t\t<\/div>\n\t\t\t\t<\/div>\n\t\t\t\t\t<\/div>\n\t\t<\/div>\n\t\t\t\t\t<\/div>\n\t\t<\/section>\n\t\t\t\t<\/div>\n\t\t","protected":false},"excerpt":{"rendered":"<p>Soluciones Inteligentes Bajo la raz\u00f3n social Promotora de Servicios Inmobiliarios y Legales HALO, S.A. de C.V., hemos dise\u00f1ado una estrategia \u00fanica en M\u00e9xico, donde le brindamos una asesor\u00eda integral, para dar soluci\u00f3n a sus diferentes necesidades, sugiri\u00e9ndole las mejores recomendaciones de manera t\u00e1ctica y estrat\u00e9gica a ejecutar, en Materia Legal, lo atendemos en casos de &hellip;<\/p>\n<p class=\"read-more\"> <a class=\"\" href=\"https:\/\/grupointegralhalo.com\/?page_id=476\"> <span class=\"screen-reader-text\">SOLUCIONES INTELIGENTES<\/span> Leer m\u00e1s &raquo;<\/a><\/p>\n","protected":false},"author":1,"featured_media":0,"parent":0,"menu_order":0,"comment_status":"closed","ping_status":"closed","template":"","meta":{"_eb_attr":"","site-sidebar-layout":"default","site-content-layout":"","ast-site-content-layout":"","site-content-style":"default","site-sidebar-style":"default","ast-global-header-display":"","ast-banner-title-visibility":"","ast-main-header-display":"","ast-hfb-above-header-display":"","ast-hfb-below-header-display":"","ast-hfb-mobile-header-display":"","site-post-title":"","ast-breadcrumbs-content":"","ast-featured-img":"","footer-sml-layout":"","theme-transparent-header-meta":"","adv-header-id-meta":"","stick-header-meta":"","header-above-stick-meta":"","header-main-stick-meta":"","header-below-stick-meta":"","astra-migrate-meta-layouts":"","footnotes":""},"class_list":["post-476","page","type-page","status-publish","hentry"],"_links":{"self":[{"href":"https:\/\/grupointegralhalo.com\/index.php?rest_route=\/wp\/v2\/pages\/476","targetHints":{"allow":["GET"]}}],"collection":[{"href":"https:\/\/grupointegralhalo.com\/index.php?rest_route=\/wp\/v2\/pages"}],"about":[{"href":"https:\/\/grupointegralhalo.com\/index.php?rest_route=\/wp\/v2\/types\/page"}],"author":[{"embeddable":true,"href":"https:\/\/grupointegralhalo.com\/index.php?rest_route=\/wp\/v2\/users\/1"}],"replies":[{"embeddable":true,"href":"https:\/\/grupointegralhalo.com\/index.php?rest_route=%2Fwp%2Fv2%2Fcomments&post=476"}],"version-history":[{"count":16,"href":"https:\/\/grupointegralhalo.com\/index.php?rest_route=\/wp\/v2\/pages\/476\/revisions"}],"predecessor-version":[{"id":492,"href":"https:\/\/grupointegralhalo.com\/index.php?rest_route=\/wp\/v2\/pages\/476\/revisions\/492"}],"wp:attachment":[{"href":"https:\/\/grupointegralhalo.com\/index.php?rest_route=%2Fwp%2Fv2%2Fmedia&parent=476"}],"curies":[{"name":"wp","href":"https:\/\/api.w.org\/{rel}","templated":true}]}}